{"id":28174,"date":"2021-08-03T10:38:29","date_gmt":"2021-08-03T10:38:29","guid":{"rendered":"https:\/\/www.vidadelsol.com\/nueva-andalucia\/"},"modified":"2026-02-12T09:28:44","modified_gmt":"2026-02-12T09:28:44","slug":"nueva-andalucia","status":"publish","type":"page","link":"https:\/\/www.vidadelsol.com\/en\/marbella-way-of-living\/costa-del-sol-area\/nueva-andalucia\/","title":{"rendered":"Nueva Andaluc\u00eda"},"content":{"rendered":"<div class=\"wpb-content-wrapper\"><p>[vc_row row_height_percent=\"0\" back_image=\"52405\" overlay_color=\"color-jevc\" overlay_alpha=\"0\" gutter_size=\"3\" column_width_percent=\"100\" shift_y=\"0\" z_index=\"0\" row_height_pixel=\"300\" el_class=\"vida-header\" uncode_shortcode_id=\"137514\" overlay_color_type=\"uncode-palette\"][vc_column column_width_percent=\"100\" position_vertical=\"middle\" align_horizontal=\"align_center\" gutter_size=\"3\" style=\"dark\" overlay_alpha=\"50\" shift_x=\"0\" shift_y=\"0\" shift_y_down=\"0\" z_index=\"0\" medium_width=\"0\" mobile_width=\"0\" width=\"1\/1\"][vc_custom_heading heading_semantic=\"h1\" text_font=\"font-467264\" text_size=\"h1\"]<\/p>\n<h1>Nueva Andaluc\u00eda<\/h1>\n<p>[\/vc_custom_heading][\/vc_column][\/vc_row][vc_row][vc_column column_width_percent=\"100\" position_vertical=\"middle\" align_horizontal=\"align_center\" gutter_size=\"3\" overlay_alpha=\"50\" shift_x=\"0\" shift_y=\"0\" shift_y_down=\"0\" z_index=\"0\" medium_width=\"0\" mobile_width=\"0\" width=\"1\/1\"][vc_custom_heading]<strong>Check our complete listing of properties in Nueva Andaluc\u00eda<\/strong>[\/vc_custom_heading][vc_raw_html]JTVCMjAyMGFnZW50cHJvJTIwJTIwZmlsdGVyJTNEJTIyJTIwbG9jYXRpb24lM0QyODklMjBvcmRlciUzRGxpc3RfcHJpY2VfYXNjJTIwcGVycGFnZSUzRDUlMjIlNUQ=[\/vc_raw_html][vc_button button_color=\"accent\" radius=\"btn-round\" border_width=\"0\" link=\"url:https%3A%2F%2Fwww.vidadelsol.com%2Fen%2Fproperties%2F%3Flocation%3D289|title:About%20us\" button_color_type=\"uncode-palette\" uncode_shortcode_id=\"567180\"]Check our complete listing of properties in Nueva Andaluc\u00eda[\/vc_button][\/vc_column][\/vc_row][vc_row][vc_column column_width_percent=\"70\" gutter_size=\"3\" overlay_alpha=\"50\" shift_x=\"0\" shift_y=\"0\" shift_y_down=\"0\" z_index=\"0\" medium_width=\"0\" mobile_width=\"0\" width=\"1\/1\"][vc_column_text]<\/p>\n<h2 style=\"text-align: center;\">Nueva Andaluc\u00eda Travel Guide<\/h2>\n<p style=\"text-align: center;\">Nueva Andaluc\u00eda is one of the 5 districts that make up <a href=\"https:\/\/www.vidadelsol.com\/en\/marbella-way-of-living\/costa-del-sol-area\/marbella\/\" target=\"_blank\" rel=\"noopener\">Marbella<\/a>. With a population of more than 18,000 people it is the third largest district in the city. The area stretches from the harbour of <a href=\"https:\/\/www.vidadelsol.com\/en\/marbella-way-of-living\/costa-del-sol-area\/puerto-banus\/\" target=\"_blank\" rel=\"noopener\">Puerto Ban\u00fas<\/a>, inland to the north, over the hills with numerous renowned golf courses to the border with <a href=\"https:\/\/www.vidadelsol.com\/en\/marbella-way-of-living\/costa-del-sol-area\/benahavis\/\" target=\"_blank\" rel=\"noopener\">Benahav\u00eds<\/a>. From every street of Nueva Andaluc\u00eda you have a beautiful view of the imposing mountain La Concha which is partly responsible for the exceptional soft local climate.<\/p>\n<p>[\/vc_column_text][\/vc_column][\/vc_row][vc_row row_height_percent=\"0\" back_color=\"color-lxmt\" overlay_alpha=\"50\" gutter_size=\"3\" column_width_percent=\"100\" shift_y=\"0\" z_index=\"0\"][vc_column column_width_percent=\"100\" gutter_size=\"3\" overlay_alpha=\"50\" shift_x=\"0\" shift_y=\"0\" shift_y_down=\"0\" z_index=\"0\" medium_width=\"0\" mobile_width=\"0\" width=\"1\/2\"][vc_column_text]Nueva Andaluc\u00eda was designed and built by the Catalan property developer Jos\u00e9 Ban\u00fas, who came to Marbella in 1962 and acquired the vast land here. In 1965 construction work on the Puerto Ban\u00fas harbour began. In 3 years the harbour - nowadays the crown jewel of the entire area, was finally opened. Nueva Andaluc\u00eda grew into a beautiful residential area near the chic harbour.<\/p>\n<p>The architect Noldi Schreck, designer of the well-known Beverly Hills in US, collaborated in the development of the residential area that consists of a good mix of very large villas and exclusive urbanizations with luxurious apartments situated in Nueva Andaluc\u00eda. While driving or walking through the area it is impossible not to notice how beautifully and spaciously everything was designed. Whitewashed villas shimmering under the blue sky, swaying palm trees and the beautiful view of the Sierra de Las Nieves at the background are the setting of an idyllic and luxurious environment.[\/vc_column_text][\/vc_column][vc_column width=\"1\/2\"][vc_single_image media=\"52408\" media_width_percent=\"100\" shape=\"img-round\" radius=\"std\" uncode_shortcode_id=\"856801\"][\/vc_column][\/vc_row][vc_row row_height_percent=\"0\" overlay_alpha=\"50\" gutter_size=\"3\" column_width_percent=\"100\" shift_y=\"0\" z_index=\"0\"][vc_column width=\"1\/2\"][vc_single_image media=\"52410\" media_width_percent=\"100\" shape=\"img-round\" radius=\"std\" uncode_shortcode_id=\"129177\"][\/vc_column][vc_column column_width_percent=\"100\" gutter_size=\"3\" overlay_alpha=\"50\" shift_x=\"0\" shift_y=\"0\" shift_y_down=\"0\" z_index=\"0\" medium_width=\"0\" mobile_width=\"0\" width=\"1\/2\"][vc_column_text]What is also striking is how quiet Nueva Andaluc\u00eda is. There is no sign of the nearby bustling Puerto Ban\u00fas.<\/p>\n<p>The main drivaway to the area was opened in 1964 together with the arena \u2018Plaza de Toros\u2019 via the A7 and Avenida Pilar Calvo. This arena which has not been in use since the early 2000s is now being converted into a cultural center of the area. There is a great street market every Saturday situated just in front of it. You can find everything from traditional crafted goods and decorative items to clothing and electrical appliances, fresh local fruits and vegetables. If you are searching for something more modern, check out the Commercial Central Plaza \u2013 a big shopping mall with a number of shops, bars, cafes, restaurants, a supermarket and a gym.[\/vc_column_text][\/vc_column][\/vc_row][vc_row row_height_percent=\"0\" back_color=\"color-lxmt\" overlay_alpha=\"50\" gutter_size=\"3\" column_width_percent=\"100\" shift_y=\"0\" z_index=\"0\"][vc_column column_width_percent=\"100\" gutter_size=\"3\" overlay_alpha=\"50\" shift_x=\"0\" shift_y=\"0\" shift_y_down=\"0\" z_index=\"0\" medium_width=\"0\" mobile_width=\"0\" width=\"1\/2\"][vc_column_text]From the natural ridge in the western part of Nueva Andaluc\u00eda opens a beautiful view over the famous \u2018Golf Valley\u2019 with its luxury villas nestled between the renowned golf courses of Las Brisas, <a href=\"https:\/\/www.losnaranjos.com\/en\/\" target=\"_blank\" rel=\"noopener\">Los Naranjos<\/a> and Aloha Golf. Next to the \u2018Golf Valley\u2019 there are also such famous golf courses as La Quinta Golf, Los Arqueros Golf, La Dama de Noche and Magna Marbella Golf. A true paradise for golfers![\/vc_column_text][\/vc_column][vc_column width=\"1\/2\"][vc_single_image media=\"52412\" media_width_percent=\"100\" shape=\"img-round\" radius=\"std\" uncode_shortcode_id=\"589042\"][\/vc_column][\/vc_row][vc_row row_height_percent=\"0\" overlay_alpha=\"50\" gutter_size=\"3\" column_width_percent=\"100\" shift_y=\"0\" z_index=\"0\"][vc_column width=\"1\/2\"][vc_single_image media=\"52414\" media_width_percent=\"100\" shape=\"img-round\" radius=\"std\" uncode_shortcode_id=\"756669\"][\/vc_column][vc_column column_width_percent=\"100\" gutter_size=\"3\" overlay_alpha=\"50\" shift_x=\"0\" shift_y=\"0\" shift_y_down=\"0\" z_index=\"0\" medium_width=\"0\" mobile_width=\"0\" width=\"1\/2\"][vc_column_text]The area also offers a great nature environment with two water reservoirs. The Turtle Lake or \u2018Lago de los Tortugas\u2019, is 4.4 hectares in size and gets its name from the numerous turtles living there. Local children like to swim in the lake in the summer while their parents enjoy a nice picnic. From this lake you can walk all the way to Lake Ist\u00e1n. It is also the starting point for many mountain bike routes and hiking trails.[\/vc_column_text][\/vc_column][\/vc_row][vc_row row_height_percent=\"0\" back_color=\"color-lxmt\" overlay_alpha=\"50\" gutter_size=\"3\" column_width_percent=\"100\" shift_y=\"0\" z_index=\"0\"][vc_column column_width_percent=\"100\" gutter_size=\"3\" overlay_alpha=\"50\" shift_x=\"0\" shift_y=\"0\" shift_y_down=\"0\" z_index=\"0\" medium_width=\"0\" mobile_width=\"0\" width=\"1\/2\"][vc_column_text]For families with small children who want to settle in the region, Nueva Andaluc\u00eda is definitely an interesting option. The renowned international school Aloha College for students aged from 3 to 18 offers a high level of bilingual English \/ Spanish education. The range of sports facilities such as tennis, basketball, padel tennis and football, yoga and so much more ensure that young people grow up in a healthy and sportive environment.<\/p>\n<p>For entertainment and amusement the residents of Nueva Andaluc\u00eda don\u2019t have to travel far. A wide range of high-class restaurants and excellent bars manage to attract a discerning public from all of the Costa del Sol. And if all this is not enough, you can always drive to Puerto Ban\u00fas, where the chic nightclubs, glamorous lounge bars and stylish pubs are open until the early morning hours.[\/vc_column_text][\/vc_column][vc_column width=\"1\/2\"][vc_single_image media=\"52416\" media_width_percent=\"100\" shape=\"img-round\" radius=\"std\" uncode_shortcode_id=\"105655\"][\/vc_column][\/vc_row][vc_row][vc_column column_width_percent=\"100\" position_vertical=\"middle\" align_horizontal=\"align_center\" gutter_size=\"3\" overlay_alpha=\"50\" shift_x=\"0\" shift_y=\"0\" shift_y_down=\"0\" z_index=\"0\" medium_width=\"0\" mobile_width=\"0\" width=\"1\/1\"][vc_column_text]Clearly Nueva Andaluc\u00eda is more than just a luxury residential neighborhood. <strong>Vida del Sol<\/strong> has a grand database of all the properties for sale there. If you would like to have more information about the area or about a range of properties available, please do not hesitate to contact us.[\/vc_column_text][\/vc_column][\/vc_row]<\/p>\n<\/div>","protected":false},"excerpt":{"rendered":"<p>[vc_row row_height_percent=&#8221;0&#8243; back_image=&#8221;52405&#8243; overlay_color=&#8221;color-jevc&#8221; overlay_alpha=&#8221;0&#8243; gutter_size=&#8221;3&#8243; column_width_percent=&#8221;100&#8243; shift_y=&#8221;0&#8243; z_index=&#8221;0&#8243; row_height_pixel=&#8221;300&#8243; el_class=&#8221;vida-header&#8221; uncode_shortcode_id=&#8221;137514&#8243; overlay_color_type=&#8221;uncode-palette&#8221;][vc_column column_width_percent=&#8221;100&#8243; position_vertical=&#8221;middle&#8221; align_horizontal=&#8221;align_center&#8221; gutter_size=&#8221;3&#8243; style=&#8221;dark&#8221; overlay_alpha=&#8221;50&#8243; shift_x=&#8221;0&#8243;&#8230;<\/p>\n","protected":false},"author":3,"featured_media":28545,"parent":28869,"menu_order":0,"comment_status":"closed","ping_status":"closed","template":"","meta":{"_acf_changed":false,"footnotes":""},"class_list":["post-28174","page","type-page","status-publish","has-post-thumbnail","hentry"],"acf":[],"_links":{"self":[{"href":"https:\/\/www.vidadelsol.com\/en\/wp-json\/wp\/v2\/pages\/28174","targetHints":{"allow":["GET"]}}],"collection":[{"href":"https:\/\/www.vidadelsol.com\/en\/wp-json\/wp\/v2\/pages"}],"about":[{"href":"https:\/\/www.vidadelsol.com\/en\/wp-json\/wp\/v2\/types\/page"}],"author":[{"embeddable":true,"href":"https:\/\/www.vidadelsol.com\/en\/wp-json\/wp\/v2\/users\/3"}],"replies":[{"embeddable":true,"href":"https:\/\/www.vidadelsol.com\/en\/wp-json\/wp\/v2\/comments?post=28174"}],"version-history":[{"count":0,"href":"https:\/\/www.vidadelsol.com\/en\/wp-json\/wp\/v2\/pages\/28174\/revisions"}],"up":[{"embeddable":true,"href":"https:\/\/www.vidadelsol.com\/en\/wp-json\/wp\/v2\/pages\/28869"}],"wp:featuredmedia":[{"embeddable":true,"href":"https:\/\/www.vidadelsol.com\/en\/wp-json\/wp\/v2\/media\/28545"}],"wp:attachment":[{"href":"https:\/\/www.vidadelsol.com\/en\/wp-json\/wp\/v2\/media?parent=28174"}],"curies":[{"name":"wp","href":"https:\/\/api.w.org\/{rel}","templated":true}]}}