{"id":53923,"date":"2024-07-01T20:20:43","date_gmt":"2024-07-01T20:20:43","guid":{"rendered":"https:\/\/www.vidadelsol.com\/villas-for-sale-in-estepona-copy-2\/"},"modified":"2025-04-11T22:45:20","modified_gmt":"2025-04-11T22:45:20","slug":"villas-for-sale-in-marbella","status":"publish","type":"page","link":"https:\/\/www.vidadelsol.com\/en\/villas-for-sale-in-marbella\/","title":{"rendered":"Villas for sale in Marbella"},"content":{"rendered":"<div class=\"wpb-content-wrapper\"><p>[vc_row row_height_percent=\"0\" back_image=\"51952\" overlay_color=\"color-jevc\" overlay_alpha=\"0\" gutter_size=\"3\" column_width_percent=\"100\" shift_y=\"0\" z_index=\"0\" row_height_pixel=\"300\" el_class=\"vida-header\" uncode_shortcode_id=\"630983\" overlay_color_type=\"uncode-palette\"][vc_column column_width_percent=\"100\" position_vertical=\"middle\" align_horizontal=\"align_center\" gutter_size=\"3\" style=\"dark\" overlay_alpha=\"50\" shift_x=\"0\" shift_y=\"0\" shift_y_down=\"0\" z_index=\"0\" medium_width=\"0\" mobile_width=\"0\" width=\"1\/1\"][vc_custom_heading heading_semantic=\"h1\" text_font=\"font-467264\" text_size=\"h1\" uncode_shortcode_id=\"394400\"]<\/p>\n<h1>Villas for sale in Marbella<\/h1>\n<p>[\/vc_custom_heading][vc_raw_html]JTVCaW5tb3RlY2hfc2VhcmNoJTIwbG9jYXRpb24lM0Q3MiU1RA==[\/vc_raw_html][\/vc_column][\/vc_row][vc_row][vc_column width=\"2\/3\"][vc_custom_heading uncode_shortcode_id=\"710093\"]<\/p>\n<h2>Marbella Villas for Sale<\/h2>\n<p>[\/vc_custom_heading][vc_column_text uncode_shortcode_id=\"357376\"]Detached and semi-detached villas for sale in Marbella offer a range of luxurious options, from 1 to 5 bedrooms. These properties, both new builds and resale, are equipped with swimming pools and are located in sought-after areas such as Aloha, Altos de los Monteros, Cabopino, Carib Playa, Costabella, El Rosario, Elviria, Guadalmina, Hacienda Las Chapas, La Mairena-Marbesa, Nueva Andaluc\u00eda, Oj\u00e9n, Puerto Ban\u00fas, R\u00edo Real, San Pedro de Alc\u00e1ntara, Santa Clara, and The Golden Mile. With frontline beach or golf course locations, they offer stunning sea views and are conveniently situated close to golf courses, ports, shops, the sea, town centers, and schools.[\/vc_column_text][\/vc_column][vc_column width=\"1\/3\"][vc_custom_heading uncode_shortcode_id=\"211240\"]<\/p>\n<h4>Villas for Sale<\/h4>\n<ul>\n<li><a title=\"Villas in Benalmadena\" href=\"https:\/\/www.vidadelsol.com\/en\/villas-for-sale-in-benalmadena\/\" target=\"_blank\" rel=\"noopener\">Villas in Benalmadena<\/a><\/li>\n<li><a title=\"Villas in Casares\" href=\"https:\/\/www.vidadelsol.com\/en\/villas-for-sale-in-casares\/\" target=\"_blank\" rel=\"noopener\">Villas in Casares<\/a><\/li>\n<li><a title=\"Villas in Estepona\" href=\"https:\/\/www.vidadelsol.com\/en\/villas-for-sale-in-estepona\/\" target=\"_blank\" rel=\"noopener\">Villas in Estepona<\/a><\/li>\n<li><a title=\"Villas in Fuengirola\" href=\"https:\/\/www.vidadelsol.com\/en\/villas-for-sale-in-fuengirola\/\" target=\"_blank\" rel=\"noopener\">Villas in Fuengirola<\/a><\/li>\n<li><a title=\"Villas in Marbella\" href=\"https:\/\/www.vidadelsol.com\/en\/villas-for-sale-in-marbella\/\" target=\"_blank\" rel=\"noopener\">Villas in Marbella<\/a><\/li>\n<li><a title=\"Villas in Mijas\" href=\"https:\/\/www.vidadelsol.com\/en\/villas-for-sale-in-mijas\/\" target=\"_blank\" rel=\"noopener\">Villas in Mijas<\/a><\/li>\n<li><a title=\"Villas in La Cala Golf\" href=\"https:\/\/www.vidadelsol.com\/en\/villas-for-sale-in-la-cala-golf\/\" target=\"_blank\" rel=\"noopener\">Villas in La Cala Golf<\/a><\/li>\n<\/ul>\n<p>[\/vc_custom_heading][\/vc_column][\/vc_row][vc_row][vc_column width=\"1\/1\"][vc_custom_heading uncode_shortcode_id=\"183626\"]<\/p>\n<h3>Latest Villas in Marbella for Sale<\/h3>\n<p>[\/vc_custom_heading][\/vc_column][\/vc_row][vc_row][vc_column width=\"1\/1\"][vc_raw_html]JTVCMjAyMGFnZW50cHJvJTIwZmlsdGVyJTNEJTIydHlwZSUzRDEwJTJDMTElMjBsb2NhdGlvbiUzRDQyJTIwcGVycGFnZSUzRDEyJTIwbGlzdGluZ190eXBlJTNEcmVzYWxlJTIwb3JkZXIlM0RsaXN0X3ByaWNlX2FzYyUyMiU1RA==[\/vc_raw_html][\/vc_column][\/vc_row]<\/p>\n<\/div>","protected":false},"excerpt":{"rendered":"<p>[vc_row row_height_percent=&#8221;0&#8243; back_image=&#8221;51952&#8243; overlay_color=&#8221;color-jevc&#8221; overlay_alpha=&#8221;0&#8243; gutter_size=&#8221;3&#8243; column_width_percent=&#8221;100&#8243; shift_y=&#8221;0&#8243; z_index=&#8221;0&#8243; row_height_pixel=&#8221;300&#8243; el_class=&#8221;vida-header&#8221; uncode_shortcode_id=&#8221;630983&#8243; overlay_color_type=&#8221;uncode-palette&#8221;][vc_column column_width_percent=&#8221;100&#8243; position_vertical=&#8221;middle&#8221; align_horizontal=&#8221;align_center&#8221; gutter_size=&#8221;3&#8243; style=&#8221;dark&#8221; overlay_alpha=&#8221;50&#8243; shift_x=&#8221;0&#8243;&#8230;<\/p>\n","protected":false},"author":15,"featured_media":25328,"parent":0,"menu_order":0,"comment_status":"closed","ping_status":"closed","template":"","meta":{"_acf_changed":false,"footnotes":""},"class_list":["post-53923","page","type-page","status-publish","has-post-thumbnail","hentry"],"acf":[],"_links":{"self":[{"href":"https:\/\/www.vidadelsol.com\/en\/wp-json\/wp\/v2\/pages\/53923","targetHints":{"allow":["GET"]}}],"collection":[{"href":"https:\/\/www.vidadelsol.com\/en\/wp-json\/wp\/v2\/pages"}],"about":[{"href":"https:\/\/www.vidadelsol.com\/en\/wp-json\/wp\/v2\/types\/page"}],"author":[{"embeddable":true,"href":"https:\/\/www.vidadelsol.com\/en\/wp-json\/wp\/v2\/users\/15"}],"replies":[{"embeddable":true,"href":"https:\/\/www.vidadelsol.com\/en\/wp-json\/wp\/v2\/comments?post=53923"}],"version-history":[{"count":0,"href":"https:\/\/www.vidadelsol.com\/en\/wp-json\/wp\/v2\/pages\/53923\/revisions"}],"wp:featuredmedia":[{"embeddable":true,"href":"https:\/\/www.vidadelsol.com\/en\/wp-json\/wp\/v2\/media\/25328"}],"wp:attachment":[{"href":"https:\/\/www.vidadelsol.com\/en\/wp-json\/wp\/v2\/media?parent=53923"}],"curies":[{"name":"wp","href":"https:\/\/api.w.org\/{rel}","templated":true}]}}