{"id":54298,"date":"2024-07-13T05:23:26","date_gmt":"2024-07-13T05:23:26","guid":{"rendered":"https:\/\/www.vidadelsol.com\/?page_id=54298"},"modified":"2024-07-31T07:05:21","modified_gmt":"2024-07-31T07:05:21","slug":"new-developments-for-sale-in-marbella","status":"publish","type":"page","link":"https:\/\/www.vidadelsol.com\/en\/new-developments-for-sale-in-marbella\/","title":{"rendered":"New developments for sale in Marbella"},"content":{"rendered":"<div class=\"wpb-content-wrapper\"><p>[vc_row row_height_percent=\"0\" back_image=\"54245\" overlay_color=\"color-jevc\" overlay_alpha=\"0\" gutter_size=\"3\" column_width_percent=\"100\" shift_y=\"0\" z_index=\"0\" row_height_pixel=\"400\" el_class=\"vida-header\" uncode_shortcode_id=\"746095\" overlay_color_type=\"uncode-palette\"][vc_column column_width_percent=\"100\" position_vertical=\"middle\" align_horizontal=\"align_center\" gutter_size=\"3\" style=\"dark\" overlay_alpha=\"50\" shift_x=\"0\" shift_y=\"0\" shift_y_down=\"0\" z_index=\"0\" medium_width=\"0\" mobile_width=\"0\" width=\"1\/1\"][vc_custom_heading heading_semantic=\"h1\" text_font=\"font-467264\" text_size=\"h1\" uncode_shortcode_id=\"811777\"]<\/p>\n<h1>New developments for sale in Marbella<\/h1>\n<p>[\/vc_custom_heading][vc_empty_space empty_h=\"4\"][vc_raw_html]JTVCaW5tb3RlY2hfc2VhcmNoJTIwbGlzdGluZ190eXBlJTNEZGV2ZWxvcG1lbnQlMEElMjBsb2NhdGlvbiUzRDQyJTVE[\/vc_raw_html][\/vc_column][\/vc_row][vc_row][vc_column column_width_percent=\"100\" gutter_size=\"3\" overlay_alpha=\"50\" shift_x=\"0\" shift_y=\"0\" shift_y_down=\"0\" z_index=\"0\" medium_width=\"0\" mobile_width=\"0\" width=\"2\/3\" uncode_shortcode_id=\"898460\"][vc_custom_heading uncode_shortcode_id=\"209261\"]<\/p>\n<h2>New developments for sale in Marbella<\/h2>\n<p>[\/vc_custom_heading][vc_column_text uncode_shortcode_id=\"758368\"]In this beautiful area consists of several desirable areas such as Altos de los Monteros, Cabopino, Elviria, Nueva Andaluc\u00eda, Puerto Ban\u00fas, R\u00edo Real, San Pedro de Alc\u00e1ntara, Santa Clara, Sierra Blanca and The Golden Mile, we have a wide range of <strong>new build properties for sale in Marbella<\/strong> consisting of villas, townhouses, penthouses and flats. <strong>Buying off plan in Marbella<\/strong> is a choice that will make your wallet happy as you will experience added value during the construction itself. And there is no risk, as the bank guarantee protects against late delivery. Our new build projects for sale in Marbella feature private pools and often have beautiful sea views, surrounded by lush gardens. They are ideally located close to the beach or next to golf courses and often near strategically placed shops, bars, restaurants, schools and sports facilities.[\/vc_column_text][\/vc_column][vc_column width=\"1\/3\"][vc_custom_heading uncode_shortcode_id=\"173662\"]<\/p>\n<h2><a href=\"https:\/\/www.vidadelsol.com\/en\/new-developments-for-sale-in-costa-del-sol\/\">New developments on the Costa del Sol<\/a><\/h2>\n<p>[\/vc_custom_heading][vc_column_text uncode_shortcode_id=\"184296\" el_id=\"nd-text\"]<\/p>\n<ul class=\"nd-loc-list\">\n<li><a href=\"https:\/\/www.vidadelsol.com\/en\/new-developments-for-sale-in-benahavis\/\">- New developments for sale in Benahav\u00eds<\/a><\/li>\n<li><a href=\"https:\/\/www.vidadelsol.com\/en\/new-developments-for-sale-in-benalmadena\/\">- New developments for sale in <span class=\"location\"><span class=\"location_2\">Benalm\u00e1dena<\/span><\/span><\/a><\/li>\n<li><a href=\"https:\/\/www.vidadelsol.com\/en\/new-developments-for-sale-in-casares\/\">- New developments for sale in Casares<\/a><\/li>\n<li><a href=\"https:\/\/www.vidadelsol.com\/en\/new-developments-for-sale-in-estepona\/\">- New developments for sale in Estepona<\/a><\/li>\n<li><a href=\"https:\/\/www.vidadelsol.com\/en\/new-developments-for-sale-in-fuengirola\/\">- New developments for sale in Fuengirola<\/a><\/li>\n<li><a href=\"https:\/\/www.vidadelsol.com\/en\/new-developments-for-sale-in-manilva\/\">- New developments for sale in Manilva<\/a><\/li>\n<li><a href=\"https:\/\/www.vidadelsol.com\/en\/new-developments-for-sale-in-marbella\/\">- New developments for sale in Marbella<\/a><\/li>\n<li><a href=\"https:\/\/www.vidadelsol.com\/en\/new-developments-for-sale-in-mijas\/\">- New developments for sale in Mijas<\/a><\/li>\n<li><a href=\"https:\/\/www.vidadelsol.com\/en\/new-developments-for-sale-in-sotogrande\/\">- New developments for sale in Sotogrande<\/a><\/li>\n<li><a href=\"https:\/\/www.vidadelsol.com\/en\/new-developments-for-sale-in-torremolinos\/\">- New developments for sale in Torremolinos<\/a><\/li>\n<\/ul>\n<p>[\/vc_column_text][\/vc_column][\/vc_row][vc_row][vc_column column_width_percent=\"100\" position_vertical=\"middle\" align_horizontal=\"align_center\" gutter_size=\"3\" overlay_alpha=\"50\" shift_x=\"0\" shift_y=\"0\" shift_y_down=\"0\" z_index=\"0\" medium_width=\"0\" mobile_width=\"0\" width=\"1\/1\"][vc_raw_html]JTVCMjAyMGFnZW50cHJvJTIwZmlsdGVyJTNEJTIybGlzdGluZ190eXBlJTNEZGV2ZWxvcG1lbnQlMEElMjBsb2NhdGlvbiUzRDQyJTIwb3JkZXIlM0RsaXN0X3ByaWNlX2FzYyUyMHBlcnBhZ2UlM0QyMCUyMiU1RA==[\/vc_raw_html][\/vc_column][\/vc_row]<\/p>\n<\/div>","protected":false},"excerpt":{"rendered":"<p>[vc_row row_height_percent=&#8221;0&#8243; back_image=&#8221;54245&#8243; overlay_color=&#8221;color-jevc&#8221; overlay_alpha=&#8221;0&#8243; gutter_size=&#8221;3&#8243; column_width_percent=&#8221;100&#8243; shift_y=&#8221;0&#8243; z_index=&#8221;0&#8243; row_height_pixel=&#8221;400&#8243; el_class=&#8221;vida-header&#8221; uncode_shortcode_id=&#8221;746095&#8243; overlay_color_type=&#8221;uncode-palette&#8221;][vc_column column_width_percent=&#8221;100&#8243; position_vertical=&#8221;middle&#8221; align_horizontal=&#8221;align_center&#8221; gutter_size=&#8221;3&#8243; style=&#8221;dark&#8221; overlay_alpha=&#8221;50&#8243; shift_x=&#8221;0&#8243;&#8230;<\/p>\n","protected":false},"author":15,"featured_media":0,"parent":0,"menu_order":0,"comment_status":"closed","ping_status":"closed","template":"","meta":{"_acf_changed":false,"footnotes":""},"class_list":["post-54298","page","type-page","status-publish","hentry"],"acf":[],"_links":{"self":[{"href":"https:\/\/www.vidadelsol.com\/en\/wp-json\/wp\/v2\/pages\/54298","targetHints":{"allow":["GET"]}}],"collection":[{"href":"https:\/\/www.vidadelsol.com\/en\/wp-json\/wp\/v2\/pages"}],"about":[{"href":"https:\/\/www.vidadelsol.com\/en\/wp-json\/wp\/v2\/types\/page"}],"author":[{"embeddable":true,"href":"https:\/\/www.vidadelsol.com\/en\/wp-json\/wp\/v2\/users\/15"}],"replies":[{"embeddable":true,"href":"https:\/\/www.vidadelsol.com\/en\/wp-json\/wp\/v2\/comments?post=54298"}],"version-history":[{"count":0,"href":"https:\/\/www.vidadelsol.com\/en\/wp-json\/wp\/v2\/pages\/54298\/revisions"}],"wp:attachment":[{"href":"https:\/\/www.vidadelsol.com\/en\/wp-json\/wp\/v2\/media?parent=54298"}],"curies":[{"name":"wp","href":"https:\/\/api.w.org\/{rel}","templated":true}]}}